{"id":16,"date":"2021-02-23T14:04:13","date_gmt":"2021-02-23T14:04:13","guid":{"rendered":"http:\/\/hodszolar.hu\/?page_id=16"},"modified":"2021-06-04T10:26:06","modified_gmt":"2021-06-04T10:26:06","slug":"elektromos-futes","status":"publish","type":"page","link":"https:\/\/dev.kompaktdesign.hu\/hodszolar.hu\/elektromos-futes\/","title":{"rendered":"Elektromos f\u0171t\u00e9s"},"content":{"rendered":"","protected":false},"excerpt":{"rendered":"","protected":false},"author":1,"featured_media":0,"parent":0,"menu_order":0,"comment_status":"closed","ping_status":"closed","template":"","meta":{"footnotes":""},"class_list":["post-16","page","type-page","status-publish","hentry"],"yoast_head":"<!-- This site is optimized with the Yoast SEO plugin v19.5.1 - https:\/\/yoast.com\/wordpress\/plugins\/seo\/ -->\n<title>Elektromos f\u0171t\u00e9s | NOBO term\u00e9kek | Magas min\u0151s\u00e9g | H\u00f3dszol\u00e1r<\/title>\n<meta name=\"description\" content=\"Csak a legjobb min\u0151s\u00e9get haszn\u00e1ljuk! NOBO term\u00e9kre 5 \u00e9v teljes k\u00f6r\u0171 garanci\u00e1t \u00e9s 10 \u00e9v f\u0171t\u0151bet\u00e9t garanci\u00e1t v\u00e1llalunk. | hodszolar.hu\" \/>\n<meta name=\"robots\" content=\"noindex, follow, max-snippet:-1, max-image-preview:large, max-video-preview:-1\" \/>\n<meta property=\"og:locale\" content=\"hu_HU\" \/>\n<meta property=\"og:type\" content=\"article\" \/>\n<meta property=\"og:title\" content=\"Elektromos f\u0171t\u00e9s | NOBO term\u00e9kek | Magas min\u0151s\u00e9g | H\u00f3dszol\u00e1r\" \/>\n<meta property=\"og:description\" content=\"Csak a legjobb min\u0151s\u00e9get haszn\u00e1ljuk! NOBO term\u00e9kre 5 \u00e9v teljes k\u00f6r\u0171 garanci\u00e1t \u00e9s 10 \u00e9v f\u0171t\u0151bet\u00e9t garanci\u00e1t v\u00e1llalunk. | hodszolar.hu\" \/>\n<meta property=\"og:url\" content=\"https:\/\/dev.kompaktdesign.hu\/hodszolar.hu\/elektromos-futes\/\" \/>\n<meta property=\"og:site_name\" content=\"H\u00f3dszol\u00e1r\" \/>\n<meta property=\"article:publisher\" content=\"https:\/\/www.facebook.com\/hodszolar\" \/>\n<meta property=\"article:modified_time\" content=\"2021-06-04T10:26:06+00:00\" \/>\n<meta property=\"og:image\" content=\"https:\/\/dev.kompaktdesign.hu\/hodszolar.hu\/wp-content\/uploads\/2021\/05\/facebookseo.png\" \/>\n\t<meta property=\"og:image:width\" content=\"823\" \/>\n\t<meta property=\"og:image:height\" content=\"390\" \/>\n\t<meta property=\"og:image:type\" content=\"image\/png\" \/>\n<meta name=\"twitter:card\" content=\"summary_large_image\" \/>\n<script type=\"application\/ld+json\" class=\"yoast-schema-graph\">{\"@context\":\"https:\/\/schema.org\",\"@graph\":[{\"@type\":\"WebPage\",\"@id\":\"https:\/\/dev.kompaktdesign.hu\/hodszolar.hu\/elektromos-futes\/\",\"url\":\"https:\/\/dev.kompaktdesign.hu\/hodszolar.hu\/elektromos-futes\/\",\"name\":\"Elektromos f\u0171t\u00e9s | NOBO term\u00e9kek | Magas min\u0151s\u00e9g | H\u00f3dszol\u00e1r\",\"isPartOf\":{\"@id\":\"https:\/\/dev.kompaktdesign.hu\/hodszolar.hu\/#website\"},\"datePublished\":\"2021-02-23T14:04:13+00:00\",\"dateModified\":\"2021-06-04T10:26:06+00:00\",\"description\":\"Csak a legjobb min\u0151s\u00e9get haszn\u00e1ljuk! NOBO term\u00e9kre 5 \u00e9v teljes k\u00f6r\u0171 garanci\u00e1t \u00e9s 10 \u00e9v f\u0171t\u0151bet\u00e9t garanci\u00e1t v\u00e1llalunk. | hodszolar.hu\",\"breadcrumb\":{\"@id\":\"https:\/\/dev.kompaktdesign.hu\/hodszolar.hu\/elektromos-futes\/#breadcrumb\"},\"inLanguage\":\"hu\",\"potentialAction\":[{\"@type\":\"ReadAction\",\"target\":[\"https:\/\/dev.kompaktdesign.hu\/hodszolar.hu\/elektromos-futes\/\"]}]},{\"@type\":\"BreadcrumbList\",\"@id\":\"https:\/\/dev.kompaktdesign.hu\/hodszolar.hu\/elektromos-futes\/#breadcrumb\",\"itemListElement\":[{\"@type\":\"ListItem\",\"position\":1,\"name\":\"Kezd\u0151lap\",\"item\":\"https:\/\/dev.kompaktdesign.hu\/hodszolar.hu\/\"},{\"@type\":\"ListItem\",\"position\":2,\"name\":\"Elektromos f\u0171t\u00e9s\"}]},{\"@type\":\"WebSite\",\"@id\":\"https:\/\/dev.kompaktdesign.hu\/hodszolar.hu\/#website\",\"url\":\"https:\/\/dev.kompaktdesign.hu\/hodszolar.hu\/\",\"name\":\"H\u00f3dszol\u00e1r\",\"description\":\"A v\u00e1s\u00e1rhelyi napelemes\",\"publisher\":{\"@id\":\"https:\/\/dev.kompaktdesign.hu\/hodszolar.hu\/#organization\"},\"potentialAction\":[{\"@type\":\"SearchAction\",\"target\":{\"@type\":\"EntryPoint\",\"urlTemplate\":\"https:\/\/dev.kompaktdesign.hu\/hodszolar.hu\/?s={search_term_string}\"},\"query-input\":\"required name=search_term_string\"}],\"inLanguage\":\"hu\"},{\"@type\":\"Organization\",\"@id\":\"https:\/\/dev.kompaktdesign.hu\/hodszolar.hu\/#organization\",\"name\":\"H\u00f3dszol\u00e1r Kft.\",\"url\":\"https:\/\/dev.kompaktdesign.hu\/hodszolar.hu\/\",\"sameAs\":[\"https:\/\/www.facebook.com\/hodszolar\"],\"logo\":{\"@type\":\"ImageObject\",\"inLanguage\":\"hu\",\"@id\":\"https:\/\/dev.kompaktdesign.hu\/hodszolar.hu\/#\/schema\/logo\/image\/\",\"url\":\"https:\/\/dev.kompaktdesign.hu\/hodszolar.hu\/wp-content\/uploads\/2021\/05\/fvicon.png\",\"contentUrl\":\"https:\/\/dev.kompaktdesign.hu\/hodszolar.hu\/wp-content\/uploads\/2021\/05\/fvicon.png\",\"width\":132,\"height\":132,\"caption\":\"H\u00f3dszol\u00e1r Kft.\"},\"image\":{\"@id\":\"https:\/\/dev.kompaktdesign.hu\/hodszolar.hu\/#\/schema\/logo\/image\/\"}}]}<\/script>\n<!-- \/ Yoast SEO plugin. -->","yoast_head_json":{"title":"Elektromos f\u0171t\u00e9s | NOBO term\u00e9kek | Magas min\u0151s\u00e9g | H\u00f3dszol\u00e1r","description":"Csak a legjobb min\u0151s\u00e9get haszn\u00e1ljuk! NOBO term\u00e9kre 5 \u00e9v teljes k\u00f6r\u0171 garanci\u00e1t \u00e9s 10 \u00e9v f\u0171t\u0151bet\u00e9t garanci\u00e1t v\u00e1llalunk. | hodszolar.hu","robots":{"index":"noindex","follow":"follow","max-snippet":"max-snippet:-1","max-image-preview":"max-image-preview:large","max-video-preview":"max-video-preview:-1"},"og_locale":"hu_HU","og_type":"article","og_title":"Elektromos f\u0171t\u00e9s | NOBO term\u00e9kek | Magas min\u0151s\u00e9g | H\u00f3dszol\u00e1r","og_description":"Csak a legjobb min\u0151s\u00e9get haszn\u00e1ljuk! NOBO term\u00e9kre 5 \u00e9v teljes k\u00f6r\u0171 garanci\u00e1t \u00e9s 10 \u00e9v f\u0171t\u0151bet\u00e9t garanci\u00e1t v\u00e1llalunk. | hodszolar.hu","og_url":"https:\/\/dev.kompaktdesign.hu\/hodszolar.hu\/elektromos-futes\/","og_site_name":"H\u00f3dszol\u00e1r","article_publisher":"https:\/\/www.facebook.com\/hodszolar","article_modified_time":"2021-06-04T10:26:06+00:00","og_image":[{"width":823,"height":390,"url":"https:\/\/dev.kompaktdesign.hu\/hodszolar.hu\/wp-content\/uploads\/2021\/05\/facebookseo.png","type":"image\/png"}],"twitter_card":"summary_large_image","schema":{"@context":"https:\/\/schema.org","@graph":[{"@type":"WebPage","@id":"https:\/\/dev.kompaktdesign.hu\/hodszolar.hu\/elektromos-futes\/","url":"https:\/\/dev.kompaktdesign.hu\/hodszolar.hu\/elektromos-futes\/","name":"Elektromos f\u0171t\u00e9s | NOBO term\u00e9kek | Magas min\u0151s\u00e9g | H\u00f3dszol\u00e1r","isPartOf":{"@id":"https:\/\/dev.kompaktdesign.hu\/hodszolar.hu\/#website"},"datePublished":"2021-02-23T14:04:13+00:00","dateModified":"2021-06-04T10:26:06+00:00","description":"Csak a legjobb min\u0151s\u00e9get haszn\u00e1ljuk! NOBO term\u00e9kre 5 \u00e9v teljes k\u00f6r\u0171 garanci\u00e1t \u00e9s 10 \u00e9v f\u0171t\u0151bet\u00e9t garanci\u00e1t v\u00e1llalunk. | hodszolar.hu","breadcrumb":{"@id":"https:\/\/dev.kompaktdesign.hu\/hodszolar.hu\/elektromos-futes\/#breadcrumb"},"inLanguage":"hu","potentialAction":[{"@type":"ReadAction","target":["https:\/\/dev.kompaktdesign.hu\/hodszolar.hu\/elektromos-futes\/"]}]},{"@type":"BreadcrumbList","@id":"https:\/\/dev.kompaktdesign.hu\/hodszolar.hu\/elektromos-futes\/#breadcrumb","itemListElement":[{"@type":"ListItem","position":1,"name":"Kezd\u0151lap","item":"https:\/\/dev.kompaktdesign.hu\/hodszolar.hu\/"},{"@type":"ListItem","position":2,"name":"Elektromos f\u0171t\u00e9s"}]},{"@type":"WebSite","@id":"https:\/\/dev.kompaktdesign.hu\/hodszolar.hu\/#website","url":"https:\/\/dev.kompaktdesign.hu\/hodszolar.hu\/","name":"H\u00f3dszol\u00e1r","description":"A v\u00e1s\u00e1rhelyi napelemes","publisher":{"@id":"https:\/\/dev.kompaktdesign.hu\/hodszolar.hu\/#organization"},"potentialAction":[{"@type":"SearchAction","target":{"@type":"EntryPoint","urlTemplate":"https:\/\/dev.kompaktdesign.hu\/hodszolar.hu\/?s={search_term_string}"},"query-input":"required name=search_term_string"}],"inLanguage":"hu"},{"@type":"Organization","@id":"https:\/\/dev.kompaktdesign.hu\/hodszolar.hu\/#organization","name":"H\u00f3dszol\u00e1r Kft.","url":"https:\/\/dev.kompaktdesign.hu\/hodszolar.hu\/","sameAs":["https:\/\/www.facebook.com\/hodszolar"],"logo":{"@type":"ImageObject","inLanguage":"hu","@id":"https:\/\/dev.kompaktdesign.hu\/hodszolar.hu\/#\/schema\/logo\/image\/","url":"https:\/\/dev.kompaktdesign.hu\/hodszolar.hu\/wp-content\/uploads\/2021\/05\/fvicon.png","contentUrl":"https:\/\/dev.kompaktdesign.hu\/hodszolar.hu\/wp-content\/uploads\/2021\/05\/fvicon.png","width":132,"height":132,"caption":"H\u00f3dszol\u00e1r Kft."},"image":{"@id":"https:\/\/dev.kompaktdesign.hu\/hodszolar.hu\/#\/schema\/logo\/image\/"}}]}},"_links":{"self":[{"href":"https:\/\/dev.kompaktdesign.hu\/hodszolar.hu\/wp-json\/wp\/v2\/pages\/16","targetHints":{"allow":["GET"]}}],"collection":[{"href":"https:\/\/dev.kompaktdesign.hu\/hodszolar.hu\/wp-json\/wp\/v2\/pages"}],"about":[{"href":"https:\/\/dev.kompaktdesign.hu\/hodszolar.hu\/wp-json\/wp\/v2\/types\/page"}],"author":[{"embeddable":true,"href":"https:\/\/dev.kompaktdesign.hu\/hodszolar.hu\/wp-json\/wp\/v2\/users\/1"}],"replies":[{"embeddable":true,"href":"https:\/\/dev.kompaktdesign.hu\/hodszolar.hu\/wp-json\/wp\/v2\/comments?post=16"}],"version-history":[{"count":1,"href":"https:\/\/dev.kompaktdesign.hu\/hodszolar.hu\/wp-json\/wp\/v2\/pages\/16\/revisions"}],"predecessor-version":[{"id":17,"href":"https:\/\/dev.kompaktdesign.hu\/hodszolar.hu\/wp-json\/wp\/v2\/pages\/16\/revisions\/17"}],"wp:attachment":[{"href":"https:\/\/dev.kompaktdesign.hu\/hodszolar.hu\/wp-json\/wp\/v2\/media?parent=16"}],"curies":[{"name":"wp","href":"https:\/\/api.w.org\/{rel}","templated":true}]}}