{"id":8,"date":"2021-02-23T14:01:55","date_gmt":"2021-02-23T14:01:55","guid":{"rendered":"http:\/\/hodszolar.hu\/?page_id=8"},"modified":"2021-04-21T07:42:16","modified_gmt":"2021-04-21T07:42:16","slug":"rolunk","status":"publish","type":"page","link":"https:\/\/dev.kompaktdesign.hu\/hodszolar.hu\/rolunk\/","title":{"rendered":"R\u00f3lunk"},"content":{"rendered":"\n<p>A H\u00f3dszol\u00e1r Kft komplett napelemes rendszerek forgalmaz\u00e1s\u00e1val, tervez\u00e9s\u00e9vel \u00e9s telep\u00edt\u00e9s\u00e9vel foglalkozik. Egyar\u00e1nt v\u00e1llaljuk c\u00e9gek, mag\u00e1nszem\u00e9lyek ig\u00e9nyeinek megfelel\u0151 rendszerek tervez\u00e9s\u00e9t, enged\u00e9lyeztet\u00e9s\u00e9t \u00e9s kivitelez\u00e9s\u00e9t, els\u0151sorban Csongr\u00e1d-Csan\u00e1d megy\u00e9ben.<\/p>\n\n\n\n<p>F\u0151 c\u00e9lunk a teljes k\u00f6r\u0171, minden ig\u00e9nyt kiel\u00e9g\u00edt\u0151 szolg\u00e1ltat\u00e1sok ny\u00fajt\u00e1sa \u00fcgyfeleink sz\u00e1m\u00e1ra. A beruh\u00e1z\u00e1s minden szakasz\u00e1ban \u2013 az ingyenes ig\u00e9nyfelm\u00e9r\u00e9ssel \u00e9s tan\u00e1csad\u00e1ssal kezd\u0151d\u0151en a konkr\u00e9t kivitelez\u00e9sen \u00e1t a hossz\u00fa t\u00e1v\u00fa, probl\u00e9mamentes \u00fczemeltet\u00e9st is nyomon k\u00f6vetve \u2013 igyeksz\u00fcnk maxim\u00e1lis seg\u00edts\u00e9get biztos\u00edtani megrendel\u0151ink sz\u00e1m\u00e1ra. Ide tartozik az \u00e1ramszolg\u00e1ltat\u00f3 fel\u00e9 t\u00f6rt\u00e9n\u0151 enged\u00e9lyeztet\u00e9s, p\u00e1ly\u00e1zatok el\u0151k\u00e9sz\u00edt\u00e9se \u00e9s a kivitelez\u00e9st k\u00f6vet\u0151 z\u00e1r\u00f3 adminisztr\u00e1ci\u00f3.<\/p>\n\n\n\n<p>A SolarEdge okos napelemes rendszerek telep\u00edt\u00e9s\u00e9re specializ\u00e1l\u00f3dtunk, mert rendk\u00edv\u00fcl j\u00f3 tapasztalataink vannak ezen a t\u00e9ren. A hagyom\u00e1nyos rendszerekhez k\u00e9pest jelent\u0151sen nagyobb az \u00e1ramtermel\u00e9se, gyorsabb a megt\u00e9r\u00fcl\u00e9si ideje, ut\u00f3lag b\u0151v\u00edthet\u0151, t\u00e1vfel\u00fcgyelettel nyomon k\u00f6vethet\u0151, ez\u00e1ltal k\u00f6nnyebben ellen\u0151rizhet\u0151 a termel\u00e9s \u00e9s az esetleges hib\u00e1k, tov\u00e1bb\u00e1 a garanci\u00e1lis ideje sokkal kedvez\u0151bb.<\/p>\n\n\n\n<p>Az aktu\u00e1lis p\u00e1ly\u00e1zatokat menedzselj\u00fck, p\u00e1ly\u00e1zat\u00edr\u00f3nkon kereszt\u00fcl a projekt el\u0151k\u00e9sz\u00edt\u00e9s\u00e9ben is seg\u00edt\u00fcnk.<\/p>\n\n\n\n<p>Komplex rendszerek megval\u00f3s\u00edt\u00e1s\u00e1val is foglalkozunk (napelem \u00e9s kl\u00edma kombin\u00e1ci\u00f3, g\u00e1zsz\u00e1mla n\u00e9lk\u00fcl h\u0171t\u00e9s-f\u0171t\u00e9s, f\u0171t\u0151panelek).<\/p>\n\n\n\n<p>Kiemelt figyelmet ford\u00edtunk magas szint\u0171 szakmai munk\u00e1ra, ez\u00e9rt a szerel\u00e9si anyagok is magas min\u0151s\u00e9gi k\u00f6vetelm\u00e9nynek felelnek meg, a munkat\u00e1rsaink szakmai felk\u00e9sz\u00fclts\u00e9g\u00e9re nagy hangs\u00falyt fektet\u00fcnk.<\/p>\n","protected":false},"excerpt":{"rendered":"<p>A H\u00f3dszol\u00e1r Kft komplett napelemes rendszerek forgalmaz\u00e1s\u00e1val, tervez\u00e9s\u00e9vel \u00e9s telep\u00edt\u00e9s\u00e9vel foglalkozik. Egyar\u00e1nt v\u00e1llaljuk c\u00e9gek, mag\u00e1nszem\u00e9lyek ig\u00e9nyeinek megfelel\u0151 rendszerek tervez\u00e9s\u00e9t, enged\u00e9lyeztet\u00e9s\u00e9t \u00e9s kivitelez\u00e9s\u00e9t, els\u0151sorban Csongr\u00e1d-Csan\u00e1d megy\u00e9ben. F\u0151 c\u00e9lunk a teljes k\u00f6r\u0171, minden ig\u00e9nyt kiel\u00e9g\u00edt\u0151 szolg\u00e1ltat\u00e1sok ny\u00fajt\u00e1sa \u00fcgyfeleink sz\u00e1m\u00e1ra. A beruh\u00e1z\u00e1s minden szakasz\u00e1ban \u2013 az ingyenes ig\u00e9nyfelm\u00e9r\u00e9ssel \u00e9s tan\u00e1csad\u00e1ssal kezd\u0151d\u0151en a konkr\u00e9t kivitelez\u00e9sen \u00e1t a hossz\u00fa t\u00e1v\u00fa, [&hellip;]<\/p>\n","protected":false},"author":1,"featured_media":0,"parent":0,"menu_order":0,"comment_status":"closed","ping_status":"closed","template":"","meta":{"footnotes":""},"class_list":["post-8","page","type-page","status-publish","hentry"],"yoast_head":"<!-- This site is optimized with the Yoast SEO plugin v19.5.1 - https:\/\/yoast.com\/wordpress\/plugins\/seo\/ -->\n<title>R\u00f3lunk | H\u00f3dszol\u00e1r<\/title>\n<meta name=\"robots\" content=\"noindex, follow, max-snippet:-1, max-image-preview:large, max-video-preview:-1\" \/>\n<meta property=\"og:locale\" content=\"hu_HU\" \/>\n<meta property=\"og:type\" content=\"article\" \/>\n<meta property=\"og:title\" content=\"R\u00f3lunk | H\u00f3dszol\u00e1r\" \/>\n<meta property=\"og:description\" content=\"A H\u00f3dszol\u00e1r Kft komplett napelemes rendszerek forgalmaz\u00e1s\u00e1val, tervez\u00e9s\u00e9vel \u00e9s telep\u00edt\u00e9s\u00e9vel foglalkozik. Egyar\u00e1nt v\u00e1llaljuk c\u00e9gek, mag\u00e1nszem\u00e9lyek ig\u00e9nyeinek megfelel\u0151 rendszerek tervez\u00e9s\u00e9t, enged\u00e9lyeztet\u00e9s\u00e9t \u00e9s kivitelez\u00e9s\u00e9t, els\u0151sorban Csongr\u00e1d-Csan\u00e1d megy\u00e9ben. F\u0151 c\u00e9lunk a teljes k\u00f6r\u0171, minden ig\u00e9nyt kiel\u00e9g\u00edt\u0151 szolg\u00e1ltat\u00e1sok ny\u00fajt\u00e1sa \u00fcgyfeleink sz\u00e1m\u00e1ra. A beruh\u00e1z\u00e1s minden szakasz\u00e1ban \u2013 az ingyenes ig\u00e9nyfelm\u00e9r\u00e9ssel \u00e9s tan\u00e1csad\u00e1ssal kezd\u0151d\u0151en a konkr\u00e9t kivitelez\u00e9sen \u00e1t a hossz\u00fa t\u00e1v\u00fa, [&hellip;]\" \/>\n<meta property=\"og:url\" content=\"https:\/\/dev.kompaktdesign.hu\/hodszolar.hu\/rolunk\/\" \/>\n<meta property=\"og:site_name\" content=\"H\u00f3dszol\u00e1r\" \/>\n<meta property=\"article:publisher\" content=\"https:\/\/www.facebook.com\/hodszolar\" \/>\n<meta property=\"article:modified_time\" content=\"2021-04-21T07:42:16+00:00\" \/>\n<meta property=\"og:image\" content=\"https:\/\/dev.kompaktdesign.hu\/hodszolar.hu\/wp-content\/uploads\/2021\/05\/facebookseo.png\" \/>\n\t<meta property=\"og:image:width\" content=\"823\" \/>\n\t<meta property=\"og:image:height\" content=\"390\" \/>\n\t<meta property=\"og:image:type\" content=\"image\/png\" \/>\n<meta name=\"twitter:card\" content=\"summary_large_image\" \/>\n<meta name=\"twitter:label1\" content=\"Becs\u00fclt olvas\u00e1si id\u0151\" \/>\n\t<meta name=\"twitter:data1\" content=\"2 perc\" \/>\n<script type=\"application\/ld+json\" class=\"yoast-schema-graph\">{\"@context\":\"https:\/\/schema.org\",\"@graph\":[{\"@type\":\"WebPage\",\"@id\":\"https:\/\/dev.kompaktdesign.hu\/hodszolar.hu\/rolunk\/\",\"url\":\"https:\/\/dev.kompaktdesign.hu\/hodszolar.hu\/rolunk\/\",\"name\":\"R\u00f3lunk | H\u00f3dszol\u00e1r\",\"isPartOf\":{\"@id\":\"https:\/\/dev.kompaktdesign.hu\/hodszolar.hu\/#website\"},\"datePublished\":\"2021-02-23T14:01:55+00:00\",\"dateModified\":\"2021-04-21T07:42:16+00:00\",\"breadcrumb\":{\"@id\":\"https:\/\/dev.kompaktdesign.hu\/hodszolar.hu\/rolunk\/#breadcrumb\"},\"inLanguage\":\"hu\",\"potentialAction\":[{\"@type\":\"ReadAction\",\"target\":[\"https:\/\/dev.kompaktdesign.hu\/hodszolar.hu\/rolunk\/\"]}]},{\"@type\":\"BreadcrumbList\",\"@id\":\"https:\/\/dev.kompaktdesign.hu\/hodszolar.hu\/rolunk\/#breadcrumb\",\"itemListElement\":[{\"@type\":\"ListItem\",\"position\":1,\"name\":\"Kezd\u0151lap\",\"item\":\"https:\/\/dev.kompaktdesign.hu\/hodszolar.hu\/\"},{\"@type\":\"ListItem\",\"position\":2,\"name\":\"R\u00f3lunk\"}]},{\"@type\":\"WebSite\",\"@id\":\"https:\/\/dev.kompaktdesign.hu\/hodszolar.hu\/#website\",\"url\":\"https:\/\/dev.kompaktdesign.hu\/hodszolar.hu\/\",\"name\":\"H\u00f3dszol\u00e1r\",\"description\":\"A v\u00e1s\u00e1rhelyi napelemes\",\"publisher\":{\"@id\":\"https:\/\/dev.kompaktdesign.hu\/hodszolar.hu\/#organization\"},\"potentialAction\":[{\"@type\":\"SearchAction\",\"target\":{\"@type\":\"EntryPoint\",\"urlTemplate\":\"https:\/\/dev.kompaktdesign.hu\/hodszolar.hu\/?s={search_term_string}\"},\"query-input\":\"required name=search_term_string\"}],\"inLanguage\":\"hu\"},{\"@type\":\"Organization\",\"@id\":\"https:\/\/dev.kompaktdesign.hu\/hodszolar.hu\/#organization\",\"name\":\"H\u00f3dszol\u00e1r Kft.\",\"url\":\"https:\/\/dev.kompaktdesign.hu\/hodszolar.hu\/\",\"sameAs\":[\"https:\/\/www.facebook.com\/hodszolar\"],\"logo\":{\"@type\":\"ImageObject\",\"inLanguage\":\"hu\",\"@id\":\"https:\/\/dev.kompaktdesign.hu\/hodszolar.hu\/#\/schema\/logo\/image\/\",\"url\":\"https:\/\/dev.kompaktdesign.hu\/hodszolar.hu\/wp-content\/uploads\/2021\/05\/fvicon.png\",\"contentUrl\":\"https:\/\/dev.kompaktdesign.hu\/hodszolar.hu\/wp-content\/uploads\/2021\/05\/fvicon.png\",\"width\":132,\"height\":132,\"caption\":\"H\u00f3dszol\u00e1r Kft.\"},\"image\":{\"@id\":\"https:\/\/dev.kompaktdesign.hu\/hodszolar.hu\/#\/schema\/logo\/image\/\"}}]}<\/script>\n<!-- \/ Yoast SEO plugin. -->","yoast_head_json":{"title":"R\u00f3lunk | H\u00f3dszol\u00e1r","robots":{"index":"noindex","follow":"follow","max-snippet":"max-snippet:-1","max-image-preview":"max-image-preview:large","max-video-preview":"max-video-preview:-1"},"og_locale":"hu_HU","og_type":"article","og_title":"R\u00f3lunk | H\u00f3dszol\u00e1r","og_description":"A H\u00f3dszol\u00e1r Kft komplett napelemes rendszerek forgalmaz\u00e1s\u00e1val, tervez\u00e9s\u00e9vel \u00e9s telep\u00edt\u00e9s\u00e9vel foglalkozik. Egyar\u00e1nt v\u00e1llaljuk c\u00e9gek, mag\u00e1nszem\u00e9lyek ig\u00e9nyeinek megfelel\u0151 rendszerek tervez\u00e9s\u00e9t, enged\u00e9lyeztet\u00e9s\u00e9t \u00e9s kivitelez\u00e9s\u00e9t, els\u0151sorban Csongr\u00e1d-Csan\u00e1d megy\u00e9ben. F\u0151 c\u00e9lunk a teljes k\u00f6r\u0171, minden ig\u00e9nyt kiel\u00e9g\u00edt\u0151 szolg\u00e1ltat\u00e1sok ny\u00fajt\u00e1sa \u00fcgyfeleink sz\u00e1m\u00e1ra. A beruh\u00e1z\u00e1s minden szakasz\u00e1ban \u2013 az ingyenes ig\u00e9nyfelm\u00e9r\u00e9ssel \u00e9s tan\u00e1csad\u00e1ssal kezd\u0151d\u0151en a konkr\u00e9t kivitelez\u00e9sen \u00e1t a hossz\u00fa t\u00e1v\u00fa, [&hellip;]","og_url":"https:\/\/dev.kompaktdesign.hu\/hodszolar.hu\/rolunk\/","og_site_name":"H\u00f3dszol\u00e1r","article_publisher":"https:\/\/www.facebook.com\/hodszolar","article_modified_time":"2021-04-21T07:42:16+00:00","og_image":[{"width":823,"height":390,"url":"https:\/\/dev.kompaktdesign.hu\/hodszolar.hu\/wp-content\/uploads\/2021\/05\/facebookseo.png","type":"image\/png"}],"twitter_card":"summary_large_image","twitter_misc":{"Becs\u00fclt olvas\u00e1si id\u0151":"2 perc"},"schema":{"@context":"https:\/\/schema.org","@graph":[{"@type":"WebPage","@id":"https:\/\/dev.kompaktdesign.hu\/hodszolar.hu\/rolunk\/","url":"https:\/\/dev.kompaktdesign.hu\/hodszolar.hu\/rolunk\/","name":"R\u00f3lunk | H\u00f3dszol\u00e1r","isPartOf":{"@id":"https:\/\/dev.kompaktdesign.hu\/hodszolar.hu\/#website"},"datePublished":"2021-02-23T14:01:55+00:00","dateModified":"2021-04-21T07:42:16+00:00","breadcrumb":{"@id":"https:\/\/dev.kompaktdesign.hu\/hodszolar.hu\/rolunk\/#breadcrumb"},"inLanguage":"hu","potentialAction":[{"@type":"ReadAction","target":["https:\/\/dev.kompaktdesign.hu\/hodszolar.hu\/rolunk\/"]}]},{"@type":"BreadcrumbList","@id":"https:\/\/dev.kompaktdesign.hu\/hodszolar.hu\/rolunk\/#breadcrumb","itemListElement":[{"@type":"ListItem","position":1,"name":"Kezd\u0151lap","item":"https:\/\/dev.kompaktdesign.hu\/hodszolar.hu\/"},{"@type":"ListItem","position":2,"name":"R\u00f3lunk"}]},{"@type":"WebSite","@id":"https:\/\/dev.kompaktdesign.hu\/hodszolar.hu\/#website","url":"https:\/\/dev.kompaktdesign.hu\/hodszolar.hu\/","name":"H\u00f3dszol\u00e1r","description":"A v\u00e1s\u00e1rhelyi napelemes","publisher":{"@id":"https:\/\/dev.kompaktdesign.hu\/hodszolar.hu\/#organization"},"potentialAction":[{"@type":"SearchAction","target":{"@type":"EntryPoint","urlTemplate":"https:\/\/dev.kompaktdesign.hu\/hodszolar.hu\/?s={search_term_string}"},"query-input":"required name=search_term_string"}],"inLanguage":"hu"},{"@type":"Organization","@id":"https:\/\/dev.kompaktdesign.hu\/hodszolar.hu\/#organization","name":"H\u00f3dszol\u00e1r Kft.","url":"https:\/\/dev.kompaktdesign.hu\/hodszolar.hu\/","sameAs":["https:\/\/www.facebook.com\/hodszolar"],"logo":{"@type":"ImageObject","inLanguage":"hu","@id":"https:\/\/dev.kompaktdesign.hu\/hodszolar.hu\/#\/schema\/logo\/image\/","url":"https:\/\/dev.kompaktdesign.hu\/hodszolar.hu\/wp-content\/uploads\/2021\/05\/fvicon.png","contentUrl":"https:\/\/dev.kompaktdesign.hu\/hodszolar.hu\/wp-content\/uploads\/2021\/05\/fvicon.png","width":132,"height":132,"caption":"H\u00f3dszol\u00e1r Kft."},"image":{"@id":"https:\/\/dev.kompaktdesign.hu\/hodszolar.hu\/#\/schema\/logo\/image\/"}}]}},"_links":{"self":[{"href":"https:\/\/dev.kompaktdesign.hu\/hodszolar.hu\/wp-json\/wp\/v2\/pages\/8","targetHints":{"allow":["GET"]}}],"collection":[{"href":"https:\/\/dev.kompaktdesign.hu\/hodszolar.hu\/wp-json\/wp\/v2\/pages"}],"about":[{"href":"https:\/\/dev.kompaktdesign.hu\/hodszolar.hu\/wp-json\/wp\/v2\/types\/page"}],"author":[{"embeddable":true,"href":"https:\/\/dev.kompaktdesign.hu\/hodszolar.hu\/wp-json\/wp\/v2\/users\/1"}],"replies":[{"embeddable":true,"href":"https:\/\/dev.kompaktdesign.hu\/hodszolar.hu\/wp-json\/wp\/v2\/comments?post=8"}],"version-history":[{"count":3,"href":"https:\/\/dev.kompaktdesign.hu\/hodszolar.hu\/wp-json\/wp\/v2\/pages\/8\/revisions"}],"predecessor-version":[{"id":238,"href":"https:\/\/dev.kompaktdesign.hu\/hodszolar.hu\/wp-json\/wp\/v2\/pages\/8\/revisions\/238"}],"wp:attachment":[{"href":"https:\/\/dev.kompaktdesign.hu\/hodszolar.hu\/wp-json\/wp\/v2\/media?parent=8"}],"curies":[{"name":"wp","href":"https:\/\/api.w.org\/{rel}","templated":true}]}}